{"id":139,"date":"2020-01-17T23:25:16","date_gmt":"2020-01-17T22:25:16","guid":{"rendered":"http:\/\/localhost:8888\/wordpress\/?page_id=139"},"modified":"2023-06-25T17:08:55","modified_gmt":"2023-06-25T15:08:55","slug":"infos-utiles","status":"publish","type":"page","link":"https:\/\/bleuetsauvage.fr\/index.php\/infos-utiles\/","title":{"rendered":"Infos utiles"},"content":{"rendered":"\n<div class=\"wp-block-media-text alignwide has-media-on-the-right\"><div class=\"wp-block-media-text__content\">\n<p>Propri\u00e9taires&nbsp; : <br><strong>Pierre et Blandine CATTEAU<\/strong><br>Adresse postale : <br>Bleu&amp;Sauvage &#8211; 6 rue du Pont &#8211;&nbsp; 88630 FREBECOURT<br>N\u00b0 de siret :&nbsp; 534948211.00022<\/p>\n\n\n\n<ul class=\"wp-block-list\">\n<li>T\u00e9l\u00e9phone :\n<ul class=\"wp-block-list\">\n<li>03-29-94-25-03<\/li>\n\n\n\n<li>07-77-75-75-42<\/li>\n<\/ul>\n<\/li>\n\n\n\n<li>Mail :&nbsp;<a href=\"mailto:catteaublandine@gmail.com\">catteaublandine@gmail.com<\/a><\/li>\n<\/ul>\n<\/div><figure class=\"wp-block-media-text__media\"><img loading=\"lazy\" decoding=\"async\" width=\"1024\" height=\"678\" src=\"http:\/\/bleuetsauvage.fr\/wp-content\/uploads\/2020\/09\/BS25.jpeg\" alt=\"\" class=\"wp-image-464 size-full\" srcset=\"https:\/\/bleuetsauvage.fr\/wp-content\/uploads\/2020\/09\/BS25.jpeg 1024w, https:\/\/bleuetsauvage.fr\/wp-content\/uploads\/2020\/09\/BS25-300x199.jpeg 300w, https:\/\/bleuetsauvage.fr\/wp-content\/uploads\/2020\/09\/BS25-768x509.jpeg 768w, https:\/\/bleuetsauvage.fr\/wp-content\/uploads\/2020\/09\/BS25-302x200.jpeg 302w\" sizes=\"auto, (max-width: 1024px) 100vw, 1024px\" \/><\/figure><\/div>\n\n\n\n<div style=\"height:22px\" aria-hidden=\"true\" class=\"wp-block-spacer\"><\/div>\n\n\n\n<ul class=\"wp-block-list\">\n<li>Coordonn\u00e9es GPS :\n<ul class=\"wp-block-list\">\n<li>N 48\u00b0 23&prime; 28.05\u00a0\u00bb &#8211; E 5\u00b0 40&prime; 32.265&Prime;<\/li>\n\n\n\n<li>Latitude :&nbsp;48,391125 &#8211; Longitude : 5,675629<\/li>\n<\/ul>\n<\/li>\n<\/ul>\n\n\n\n<ul class=\"wp-block-list\">\n<li><a rel=\"noreferrer noopener\" href=\"http:\/\/bleuetsauvage.fr\/wp-content\/uploads\/2020\/09\/Plan-acces.jpg\" target=\"_blank\">Plan d&rsquo;acc\u00e8s<\/a><\/li>\n<\/ul>\n\n\n\n<ul class=\"wp-block-list\">\n<li>Label\n<ul class=\"wp-block-list\">\n<li>\u00ab\u00a0Accueil Paysan\u00a0\u00bb<\/li>\n\n\n\n<li>\u00ab\u00a0H\u00e9bergement p\u00eache\u00a0\u00bb<\/li>\n\n\n\n<li>\u00ab\u00a0Accueil v\u00e9lo\u00a0\u00bb<\/li>\n\n\n\n<li>Bleu&amp;Sauvage est difficilement accessible aux personnes \u00e0 mobilit\u00e9 r\u00e9duite<\/li>\n\n\n\n<li><a href=\"https:\/\/foret.vosges.fr\">FOR\u00eaT l&rsquo;Effet Vosges<\/a><\/li>\n<\/ul>\n<\/li>\n<\/ul>\n\n\n\n<ul class=\"wp-block-list\">\n<li>Paiement uniquement par ch\u00e8que ou en esp\u00e8ces. Les cartes bancaires ne sont pas accept\u00e9es.<\/li>\n\n\n\n<li>Agr\u00e9ment  ch\u00e8ques-vacances<\/li>\n<\/ul>\n","protected":false},"excerpt":{"rendered":"","protected":false},"author":1,"featured_media":0,"parent":0,"menu_order":0,"comment_status":"closed","ping_status":"closed","template":"","meta":{"footnotes":""},"class_list":["post-139","page","type-page","status-publish","hentry"],"_links":{"self":[{"href":"https:\/\/bleuetsauvage.fr\/index.php\/wp-json\/wp\/v2\/pages\/139","targetHints":{"allow":["GET"]}}],"collection":[{"href":"https:\/\/bleuetsauvage.fr\/index.php\/wp-json\/wp\/v2\/pages"}],"about":[{"href":"https:\/\/bleuetsauvage.fr\/index.php\/wp-json\/wp\/v2\/types\/page"}],"author":[{"embeddable":true,"href":"https:\/\/bleuetsauvage.fr\/index.php\/wp-json\/wp\/v2\/users\/1"}],"replies":[{"embeddable":true,"href":"https:\/\/bleuetsauvage.fr\/index.php\/wp-json\/wp\/v2\/comments?post=139"}],"version-history":[{"count":6,"href":"https:\/\/bleuetsauvage.fr\/index.php\/wp-json\/wp\/v2\/pages\/139\/revisions"}],"predecessor-version":[{"id":1016,"href":"https:\/\/bleuetsauvage.fr\/index.php\/wp-json\/wp\/v2\/pages\/139\/revisions\/1016"}],"wp:attachment":[{"href":"https:\/\/bleuetsauvage.fr\/index.php\/wp-json\/wp\/v2\/media?parent=139"}],"curies":[{"name":"wp","href":"https:\/\/api.w.org\/{rel}","templated":true}]}}