{"id":58,"date":"2020-01-17T17:25:40","date_gmt":"2020-01-17T16:25:40","guid":{"rendered":"http:\/\/localhost:8888\/wordpress\/?page_id=58"},"modified":"2026-01-09T11:42:49","modified_gmt":"2026-01-09T10:42:49","slug":"hebergement","status":"publish","type":"page","link":"https:\/\/bleuetsauvage.fr\/index.php\/hebergement\/","title":{"rendered":"H\u00e9bergement"},"content":{"rendered":"\n<h4 class=\"wp-block-heading\"><strong>Meubl\u00e9 touristique <\/strong>(3\/4 places)<strong>.<\/strong><\/h4>\n\n\n\n<figure class=\"wp-block-gallery has-nested-images columns-default is-cropped wp-block-gallery-1 is-layout-flex wp-block-gallery-is-layout-flex\">\n<figure class=\"wp-block-image size-large\"><img loading=\"lazy\" decoding=\"async\" width=\"1024\" height=\"682\" data-id=\"461\" src=\"https:\/\/bleuetsauvage.fr\/wp-content\/uploads\/2020\/09\/BS8.jpeg\" alt=\"\" class=\"wp-image-461\" srcset=\"https:\/\/bleuetsauvage.fr\/wp-content\/uploads\/2020\/09\/BS8.jpeg 1024w, https:\/\/bleuetsauvage.fr\/wp-content\/uploads\/2020\/09\/BS8-300x200.jpeg 300w, https:\/\/bleuetsauvage.fr\/wp-content\/uploads\/2020\/09\/BS8-768x512.jpeg 768w\" sizes=\"auto, (max-width: 1024px) 100vw, 1024px\" \/><\/figure>\n\n\n\n<figure class=\"wp-block-image size-large\"><img loading=\"lazy\" decoding=\"async\" width=\"1024\" height=\"766\" data-id=\"1077\" src=\"https:\/\/bleuetsauvage.fr\/wp-content\/uploads\/2024\/11\/tempImage0i1ACN-1024x766.jpg\" alt=\"\" class=\"wp-image-1077\" srcset=\"https:\/\/bleuetsauvage.fr\/wp-content\/uploads\/2024\/11\/tempImage0i1ACN-1024x766.jpg 1024w, https:\/\/bleuetsauvage.fr\/wp-content\/uploads\/2024\/11\/tempImage0i1ACN-300x224.jpg 300w, https:\/\/bleuetsauvage.fr\/wp-content\/uploads\/2024\/11\/tempImage0i1ACN-768x575.jpg 768w, https:\/\/bleuetsauvage.fr\/wp-content\/uploads\/2024\/11\/tempImage0i1ACN-1536x1149.jpg 1536w, https:\/\/bleuetsauvage.fr\/wp-content\/uploads\/2024\/11\/tempImage0i1ACN-2048x1532.jpg 2048w, https:\/\/bleuetsauvage.fr\/wp-content\/uploads\/2024\/11\/tempImage0i1ACN-267x200.jpg 267w\" sizes=\"auto, (max-width: 1024px) 100vw, 1024px\" \/><\/figure>\n\n\n\n<figure class=\"wp-block-image size-large\"><img loading=\"lazy\" decoding=\"async\" width=\"1024\" height=\"680\" data-id=\"458\" src=\"https:\/\/bleuetsauvage.fr\/wp-content\/uploads\/2020\/09\/BS5.jpeg\" alt=\"\" class=\"wp-image-458\" srcset=\"https:\/\/bleuetsauvage.fr\/wp-content\/uploads\/2020\/09\/BS5.jpeg 1024w, https:\/\/bleuetsauvage.fr\/wp-content\/uploads\/2020\/09\/BS5-300x199.jpeg 300w, https:\/\/bleuetsauvage.fr\/wp-content\/uploads\/2020\/09\/BS5-768x510.jpeg 768w, https:\/\/bleuetsauvage.fr\/wp-content\/uploads\/2020\/09\/BS5-301x200.jpeg 301w\" sizes=\"auto, (max-width: 1024px) 100vw, 1024px\" \/><\/figure>\n\n\n\n<figure class=\"wp-block-image size-large\"><img loading=\"lazy\" decoding=\"async\" width=\"1024\" height=\"768\" data-id=\"480\" src=\"https:\/\/bleuetsauvage.fr\/wp-content\/uploads\/2020\/09\/IMG_5735.jpg\" alt=\"\" class=\"wp-image-480\" srcset=\"https:\/\/bleuetsauvage.fr\/wp-content\/uploads\/2020\/09\/IMG_5735.jpg 1024w, https:\/\/bleuetsauvage.fr\/wp-content\/uploads\/2020\/09\/IMG_5735-300x225.jpg 300w, https:\/\/bleuetsauvage.fr\/wp-content\/uploads\/2020\/09\/IMG_5735-768x576.jpg 768w, https:\/\/bleuetsauvage.fr\/wp-content\/uploads\/2020\/09\/IMG_5735-267x200.jpg 267w\" sizes=\"auto, (max-width: 1024px) 100vw, 1024px\" \/><\/figure>\n<\/figure>\n\n\n\n<ul class=\"wp-block-list\">\n<li>Classement pr\u00e9fectoral : 2 \u00e9toiles<\/li>\n\n\n\n<li>Logement de 45 m\u00b2, tout confort, situ\u00e9 \u00e0 l&rsquo;\u00e9tage<\/li>\n\n\n\n<li>1 chambre lit double et un lit b\u00e9b\u00e9&nbsp;<\/li>\n\n\n\n<li>1 clic-clac dans le coin s\u00e9jour<\/li>\n\n\n\n<li>1 cuisine \u00e9quip\u00e9e et une terrasse<\/li>\n\n\n\n<li>Lits faits \u00e0 l&rsquo;arriv\u00e9e<\/li>\n\n\n\n<li>Animaux admis<\/li>\n\n\n\n<li>wifi gratuit<\/li>\n<\/ul>\n\n\n\n<ul class=\"wp-block-list\">\n<li><strong>Tarifs<\/strong> :\n<ul class=\"wp-block-list\">\n<li>Semaine : <strong>300,00 \u20ac<\/strong><\/li>\n\n\n\n<li>Taxe de s\u00e9jour<\/li>\n\n\n\n<li>Forfait m\u00e9nage : <strong>30<\/strong>,<strong>00 \u20ac<\/strong><\/li>\n\n\n\n<li>Arrhes : <strong>50<\/strong>,<strong>00 \u20ac<\/strong> \u00e0 la r\u00e9servation<\/li>\n<\/ul>\n<\/li>\n<\/ul>\n\n\n\n<div style=\"height:22px\" aria-hidden=\"true\" class=\"wp-block-spacer\"><\/div>\n\n\n\n<h4 class=\"wp-block-heading\"><strong>G\u00eete de groupe &#8211; Relais \u00e9tape<\/strong> (6 places).<\/h4>\n\n\n\n<figure class=\"wp-block-gallery has-nested-images columns-default is-cropped wp-block-gallery-2 is-layout-flex wp-block-gallery-is-layout-flex\">\n<figure class=\"wp-block-image size-large\"><img loading=\"lazy\" decoding=\"async\" width=\"1024\" height=\"768\" data-id=\"496\" src=\"https:\/\/bleuetsauvage.fr\/wp-content\/uploads\/2020\/09\/IMG_8102.jpg\" alt=\"\" class=\"wp-image-496\" srcset=\"https:\/\/bleuetsauvage.fr\/wp-content\/uploads\/2020\/09\/IMG_8102.jpg 1024w, https:\/\/bleuetsauvage.fr\/wp-content\/uploads\/2020\/09\/IMG_8102-300x225.jpg 300w, https:\/\/bleuetsauvage.fr\/wp-content\/uploads\/2020\/09\/IMG_8102-768x576.jpg 768w, https:\/\/bleuetsauvage.fr\/wp-content\/uploads\/2020\/09\/IMG_8102-267x200.jpg 267w\" sizes=\"auto, (max-width: 1024px) 100vw, 1024px\" \/><\/figure>\n\n\n\n<figure class=\"wp-block-image size-large\"><img loading=\"lazy\" decoding=\"async\" width=\"768\" height=\"1024\" data-id=\"494\" src=\"https:\/\/bleuetsauvage.fr\/wp-content\/uploads\/2020\/09\/IMG_8100.jpg\" alt=\"\" class=\"wp-image-494\" srcset=\"https:\/\/bleuetsauvage.fr\/wp-content\/uploads\/2020\/09\/IMG_8100.jpg 768w, https:\/\/bleuetsauvage.fr\/wp-content\/uploads\/2020\/09\/IMG_8100-225x300.jpg 225w, https:\/\/bleuetsauvage.fr\/wp-content\/uploads\/2020\/09\/IMG_8100-150x200.jpg 150w\" sizes=\"auto, (max-width: 768px) 100vw, 768px\" \/><\/figure>\n\n\n\n<figure class=\"wp-block-image size-large\"><img loading=\"lazy\" decoding=\"async\" width=\"1024\" height=\"681\" data-id=\"556\" src=\"https:\/\/bleuetsauvage.fr\/wp-content\/uploads\/2020\/09\/Maison-bleue-banc-1024x681.jpg\" alt=\"\" class=\"wp-image-556\" srcset=\"https:\/\/bleuetsauvage.fr\/wp-content\/uploads\/2020\/09\/Maison-bleue-banc-1024x681.jpg 1024w, https:\/\/bleuetsauvage.fr\/wp-content\/uploads\/2020\/09\/Maison-bleue-banc-300x200.jpg 300w, https:\/\/bleuetsauvage.fr\/wp-content\/uploads\/2020\/09\/Maison-bleue-banc-768x511.jpg 768w, https:\/\/bleuetsauvage.fr\/wp-content\/uploads\/2020\/09\/Maison-bleue-banc-1536x1022.jpg 1536w, https:\/\/bleuetsauvage.fr\/wp-content\/uploads\/2020\/09\/Maison-bleue-banc-301x200.jpg 301w, https:\/\/bleuetsauvage.fr\/wp-content\/uploads\/2020\/09\/Maison-bleue-banc.jpg 1792w\" sizes=\"auto, (max-width: 1024px) 100vw, 1024px\" \/><\/figure>\n\n\n\n<figure class=\"wp-block-image size-large\"><img loading=\"lazy\" decoding=\"async\" width=\"1024\" height=\"683\" data-id=\"470\" src=\"https:\/\/bleuetsauvage.fr\/wp-content\/uploads\/2020\/09\/DSC_4198.jpg\" alt=\"\" class=\"wp-image-470\" srcset=\"https:\/\/bleuetsauvage.fr\/wp-content\/uploads\/2020\/09\/DSC_4198.jpg 1024w, https:\/\/bleuetsauvage.fr\/wp-content\/uploads\/2020\/09\/DSC_4198-300x200.jpg 300w, https:\/\/bleuetsauvage.fr\/wp-content\/uploads\/2020\/09\/DSC_4198-768x512.jpg 768w\" sizes=\"auto, (max-width: 1024px) 100vw, 1024px\" \/><\/figure>\n<\/figure>\n\n\n\n<ul class=\"wp-block-list\">\n<li>Logement collectif situ\u00e9 \u00e0 l&rsquo;\u00e9tage<\/li>\n\n\n\n<li>1 chambre avec 2 lits simples et une salle de bain<\/li>\n\n\n\n<li>1 chambre avec 1 lit double et un lit superpos\u00e9 (2 couchages), douche et wc<\/li>\n\n\n\n<li>Coin cuisine en gestion libre&nbsp;<\/li>\n\n\n\n<li>Acc\u00e8s terrasse et jardin<\/li>\n\n\n\n<li>wifi gratuit<\/li>\n<\/ul>\n\n\n\n<ul class=\"wp-block-list\">\n<li><strong>Tarifs<\/strong> :\n<ul class=\"wp-block-list\">\n<li>La nuit\u00e9e&nbsp;: <strong>15,00 \u20ac<\/strong> \/ personne<\/li>\n\n\n\n<li>Taxe de s\u00e9jour<\/li>\n<\/ul>\n<\/li>\n<\/ul>\n\n\n\n<div style=\"height:24px\" aria-hidden=\"true\" class=\"wp-block-spacer\"><\/div>\n\n\n\n<ul class=\"wp-block-list\">\n<li><strong>Possibilit\u00e9 de louer les 2 g\u00eetes pour une nuit :<\/strong>\n<ul class=\"wp-block-list\">\n<li><strong>120,00 \u20ac<\/strong> (10 personnes maxi)<\/li>\n\n\n\n<li>Taxe de s\u00e9jour<\/li>\n<\/ul>\n<\/li>\n<\/ul>\n\n\n\n<div style=\"height:24px\" aria-hidden=\"true\" class=\"wp-block-spacer\"><\/div>\n\n\n\n<h4 class=\"wp-block-heading\"><strong>Prestations compl\u00e9mentaires<\/strong><\/h4>\n\n\n\n<ul class=\"wp-block-list\">\n<li>Lave-linge \u00e0 disposition<\/li>\n\n\n\n<li>Garage \u00e0 v\u00e9lo gratuit<\/li>\n<\/ul>\n\n\n\n<p><\/p>\n","protected":false},"excerpt":{"rendered":"<p>Meubl\u00e9 touristique (3\/4 places). G\u00eete de groupe &#8211; Relais \u00e9tape (6 places). Prestations compl\u00e9mentaires<\/p>\n","protected":false},"author":1,"featured_media":0,"parent":0,"menu_order":0,"comment_status":"closed","ping_status":"closed","template":"","meta":{"footnotes":""},"class_list":["post-58","page","type-page","status-publish","hentry"],"_links":{"self":[{"href":"https:\/\/bleuetsauvage.fr\/index.php\/wp-json\/wp\/v2\/pages\/58","targetHints":{"allow":["GET"]}}],"collection":[{"href":"https:\/\/bleuetsauvage.fr\/index.php\/wp-json\/wp\/v2\/pages"}],"about":[{"href":"https:\/\/bleuetsauvage.fr\/index.php\/wp-json\/wp\/v2\/types\/page"}],"author":[{"embeddable":true,"href":"https:\/\/bleuetsauvage.fr\/index.php\/wp-json\/wp\/v2\/users\/1"}],"replies":[{"embeddable":true,"href":"https:\/\/bleuetsauvage.fr\/index.php\/wp-json\/wp\/v2\/comments?post=58"}],"version-history":[{"count":10,"href":"https:\/\/bleuetsauvage.fr\/index.php\/wp-json\/wp\/v2\/pages\/58\/revisions"}],"predecessor-version":[{"id":1133,"href":"https:\/\/bleuetsauvage.fr\/index.php\/wp-json\/wp\/v2\/pages\/58\/revisions\/1133"}],"wp:attachment":[{"href":"https:\/\/bleuetsauvage.fr\/index.php\/wp-json\/wp\/v2\/media?parent=58"}],"curies":[{"name":"wp","href":"https:\/\/api.w.org\/{rel}","templated":true}]}}