{"id":689,"date":"2020-12-09T10:31:31","date_gmt":"2020-12-09T09:31:31","guid":{"rendered":"https:\/\/bleuetsauvage.fr\/?page_id=689"},"modified":"2020-12-11T07:50:11","modified_gmt":"2020-12-11T06:50:11","slug":"gateau-roule-aperitif-aux-cynorrhodons","status":"publish","type":"page","link":"https:\/\/bleuetsauvage.fr\/index.php\/gateau-roule-aperitif-aux-cynorrhodons\/","title":{"rendered":"G\u00e2teau roul\u00e9 ap\u00e9ritif aux cynorrhodons"},"content":{"rendered":"\n<h2 class=\"wp-block-heading\">Plante \u00e0 l&rsquo;honneur<\/h2>\n\n\n\n<h4 class=\"wp-block-heading\">L\u2019\u00e9glantier ou rosier sauvage (Rosa canina)<\/h4>\n\n\n\n<figure class=\"wp-block-gallery columns-2 is-cropped wp-block-gallery-1 is-layout-flex wp-block-gallery-is-layout-flex\"><ul class=\"blocks-gallery-grid\"><li class=\"blocks-gallery-item\"><figure><img loading=\"lazy\" decoding=\"async\" width=\"1024\" height=\"768\" src=\"https:\/\/bleuetsauvage.fr\/wp-content\/uploads\/2020\/12\/cynorrhodon.jpg\" alt=\"\" data-id=\"688\" data-full-url=\"https:\/\/bleuetsauvage.fr\/wp-content\/uploads\/2020\/12\/cynorrhodon.jpg\" data-link=\"https:\/\/bleuetsauvage.fr\/cynorrhodon\/\" class=\"wp-image-688\" srcset=\"https:\/\/bleuetsauvage.fr\/wp-content\/uploads\/2020\/12\/cynorrhodon.jpg 1024w, https:\/\/bleuetsauvage.fr\/wp-content\/uploads\/2020\/12\/cynorrhodon-300x225.jpg 300w, https:\/\/bleuetsauvage.fr\/wp-content\/uploads\/2020\/12\/cynorrhodon-768x576.jpg 768w, https:\/\/bleuetsauvage.fr\/wp-content\/uploads\/2020\/12\/cynorrhodon-267x200.jpg 267w\" sizes=\"auto, (max-width: 1024px) 100vw, 1024px\" \/><\/figure><\/li><li class=\"blocks-gallery-item\"><figure><img loading=\"lazy\" decoding=\"async\" width=\"1024\" height=\"777\" src=\"https:\/\/bleuetsauvage.fr\/wp-content\/uploads\/2020\/12\/Cynorrhodons-1024x777.jpg\" alt=\"\" data-id=\"708\" data-full-url=\"https:\/\/bleuetsauvage.fr\/wp-content\/uploads\/2020\/12\/Cynorrhodons.jpg\" data-link=\"https:\/\/bleuetsauvage.fr\/cynorrhodons\/\" class=\"wp-image-708\" srcset=\"https:\/\/bleuetsauvage.fr\/wp-content\/uploads\/2020\/12\/Cynorrhodons-1024x777.jpg 1024w, https:\/\/bleuetsauvage.fr\/wp-content\/uploads\/2020\/12\/Cynorrhodons-300x228.jpg 300w, https:\/\/bleuetsauvage.fr\/wp-content\/uploads\/2020\/12\/Cynorrhodons-768x583.jpg 768w, https:\/\/bleuetsauvage.fr\/wp-content\/uploads\/2020\/12\/Cynorrhodons-264x200.jpg 264w, https:\/\/bleuetsauvage.fr\/wp-content\/uploads\/2020\/12\/Cynorrhodons.jpg 1373w\" sizes=\"auto, (max-width: 1024px) 100vw, 1024px\" \/><\/figure><\/li><\/ul><figcaption class=\"blocks-gallery-caption\">Arbrisseau buissonnant \u00e9pineux des haies et bords de chemins.<br>Les fleurs sont de jolies petites roses simples \u00e0 5 p\u00e9tales blancs ou roses.<br>Le cynorrhodon, \u00ab&nbsp;fruit&nbsp;\u00bb de l\u2019\u00e9glantier, a la forme d\u2019une olive de couleur rouge-orang\u00e9e renfermant les graines entour\u00e9es de poils, le fameux poil \u00e0 gratter&nbsp;ou \u00abgratte-cul\u00bb!&nbsp;&nbsp;<br>Il se ramasse \u00e0 pleine maturit\u00e9 apr\u00e8s les premi\u00e8res gel\u00e9es.<br>C\u2019est une r\u00e9serve de vitamine C.<\/figcaption><\/figure>\n\n\n\n<h2 class=\"wp-block-heading\"><strong>Pr\u00e9paration de la pulpe<\/strong>&nbsp;<\/h2>\n\n\n\n<p>Ramasser les cynorrhodons, leur enlever le chapeau&nbsp;&nbsp;noir de l\u2019extr\u00e9mit\u00e9, couvrir d\u2019eau et cuire&nbsp;&nbsp;quelques minutes pour les ramollir. <br>Passer au moulin \u00e0 l\u00e9gumes, grille moyenne puis grille fine, afin de r\u00e9cup\u00e9rer la pulpe d\u00e9barrass\u00e9e des graines et poils irritants. <br>Cette pulpe l\u00e9g\u00e8rement acidul\u00e9e se pr\u00eate \u00e0 de nombreuses recettes.<\/p>\n\n\n\n<h2 class=\"wp-block-heading\">Recette (pour 6 personnes)<\/h2>\n\n\n\n<ul class=\"wp-block-list\"><li>Mettre dans un saladier 100g de farine, 1\/2 cuill\u00e8re \u00e0&nbsp;&nbsp;caf\u00e9 de sel, une pinc\u00e9e de poivre.<\/li><li>M\u00e9langer avec 50g de cr\u00e8me \u00e9paisse, 100g de gruy\u00e8re r\u00e2p\u00e9, 50g de beurre fondu, 3 cuill\u00e8res \u00e0 soupe de pulpe de cynorrhodon et 4 jaunes d\u2019\u0153uf.<\/li><li>Battre les&nbsp;&nbsp;blancs en neige et les incorporer \u00e0 la pr\u00e9paration.<\/li><li>Etaler cette p\u00e2te sur une plaque de cuisson recouverte de papier sulfuris\u00e9.<\/li><li>Cuire 10 minutes au four Th 180\u00b0.<\/li><li>D\u00e9mouler le g\u00e2teau sur un torchon, le rouler et laisser refroidir.<\/li><li>Le farcir avec un fromage frais aux herbes, l\u2019enrouler et garder au frais.<\/li><\/ul>\n\n\n\n<h2 class=\"wp-block-heading\">Id\u00e9e de pr\u00e9sentation<\/h2>\n\n\n\n<div class=\"wp-block-media-text alignwide is-stacked-on-mobile\" style=\"grid-template-columns:48% auto\"><figure class=\"wp-block-media-text__media\"><img loading=\"lazy\" decoding=\"async\" width=\"1024\" height=\"768\" src=\"https:\/\/bleuetsauvage.fr\/wp-content\/uploads\/2020\/12\/Gateau-roule-aperitif-aux-cynorrhodons.jpg\" alt=\"\" class=\"wp-image-701 size-full\" srcset=\"https:\/\/bleuetsauvage.fr\/wp-content\/uploads\/2020\/12\/Gateau-roule-aperitif-aux-cynorrhodons.jpg 1024w, https:\/\/bleuetsauvage.fr\/wp-content\/uploads\/2020\/12\/Gateau-roule-aperitif-aux-cynorrhodons-300x225.jpg 300w, https:\/\/bleuetsauvage.fr\/wp-content\/uploads\/2020\/12\/Gateau-roule-aperitif-aux-cynorrhodons-768x576.jpg 768w, https:\/\/bleuetsauvage.fr\/wp-content\/uploads\/2020\/12\/Gateau-roule-aperitif-aux-cynorrhodons-267x200.jpg 267w\" sizes=\"auto, (max-width: 1024px) 100vw, 1024px\" \/><\/figure><div class=\"wp-block-media-text__content\">\n<p>Servir en rondelles \u00e0 l\u2019ap\u00e9ritif.<\/p>\n\n\n\n<p>Bon app\u00e9tit !<\/p>\n<\/div><\/div>\n\n\n\n<p><\/p>\n","protected":false},"excerpt":{"rendered":"<p>Plante \u00e0 l&rsquo;honneur L\u2019\u00e9glantier ou rosier sauvage (Rosa canina) Pr\u00e9paration de la pulpe&nbsp; Ramasser les cynorrhodons, leur enlever le chapeau&nbsp;&nbsp;noir &hellip;<\/p>\n","protected":false},"author":1,"featured_media":0,"parent":0,"menu_order":0,"comment_status":"open","ping_status":"open","template":"","meta":{"footnotes":""},"class_list":["post-689","page","type-page","status-publish","hentry"],"_links":{"self":[{"href":"https:\/\/bleuetsauvage.fr\/index.php\/wp-json\/wp\/v2\/pages\/689","targetHints":{"allow":["GET"]}}],"collection":[{"href":"https:\/\/bleuetsauvage.fr\/index.php\/wp-json\/wp\/v2\/pages"}],"about":[{"href":"https:\/\/bleuetsauvage.fr\/index.php\/wp-json\/wp\/v2\/types\/page"}],"author":[{"embeddable":true,"href":"https:\/\/bleuetsauvage.fr\/index.php\/wp-json\/wp\/v2\/users\/1"}],"replies":[{"embeddable":true,"href":"https:\/\/bleuetsauvage.fr\/index.php\/wp-json\/wp\/v2\/comments?post=689"}],"version-history":[{"count":6,"href":"https:\/\/bleuetsauvage.fr\/index.php\/wp-json\/wp\/v2\/pages\/689\/revisions"}],"predecessor-version":[{"id":710,"href":"https:\/\/bleuetsauvage.fr\/index.php\/wp-json\/wp\/v2\/pages\/689\/revisions\/710"}],"wp:attachment":[{"href":"https:\/\/bleuetsauvage.fr\/index.php\/wp-json\/wp\/v2\/media?parent=689"}],"curies":[{"name":"wp","href":"https:\/\/api.w.org\/{rel}","templated":true}]}}